{"id":105,"date":"2016-02-19T18:46:44","date_gmt":"2016-02-19T18:46:44","guid":{"rendered":"https:\/\/the7.io\/expedition\/?page_id=2"},"modified":"2022-02-13T06:35:31","modified_gmt":"2022-02-13T06:35:31","slug":"home","status":"publish","type":"page","link":"https:\/\/physiostreber.de\/","title":{"rendered":"Home"},"content":{"rendered":"<section class=\"wpb-content-wrapper\"><p>[vc_row bg_type=&#8220;image&#8220; parallax_style=&#8220;vcpb-default&#8220; bg_image_new=&#8220;id^1189|url^http:\/\/physiostreber.de\/wp-content\/uploads\/2020\/03\/AdobeStock_97112437.jpg|caption^patientin wird von einem therapeuten behandelt|alt^null|title^null|description^null&#8220; bg_image_repeat=&#8220;no-repeat&#8220; bg_override=&#8220;browser_size&#8220; enable_overlay=&#8220;enable_overlay_value&#8220; overlay_color=&#8220;rgba(86,86,86,0.6)&#8220; el_id=&#8220;home&#8220; css=&#8220;.vc_custom_1584714989424{margin-top: -75px !important;}&#8220;][vc_column width=&#8220;1\/4&#8243;][\/vc_column][vc_column width=&#8220;1\/2&#8243;][vc_row_inner css=&#8220;.vc_custom_1584959863822{margin-top: 75px !important;}&#8220;][vc_column_inner]<div id=\"ultimate-heading-273369f9b9ce52c1f\" class=\"uvc-heading ult-adjust-bottom-margin ultimate-heading-273369f9b9ce52c1f uvc-7771  uvc-heading-default-font-sizes\" data-hspacer=\"no_spacer\"  data-halign=\"center\" style=\"text-align:center\"><div class=\"uvc-heading-spacer no_spacer\" style=\"top\"><\/div><div class=\"uvc-main-heading ult-responsive\"  data-ultimate-target='.uvc-heading.ultimate-heading-273369f9b9ce52c1f h1'  data-responsive-json-new='{\"font-size\":\"\",\"line-height\":\"\"}' ><h1 style=\"--font-weight:theme;color:#ffffff;margin-top:25px;margin-bottom:10px;\">Physiotherapie Streber<\/h1><\/div><div class=\"uvc-sub-heading ult-responsive\"  data-ultimate-target='.uvc-heading.ultimate-heading-273369f9b9ce52c1f .uvc-sub-heading '  data-responsive-json-new='{\"font-size\":\"desktop:25px;\",\"line-height\":\"\"}'  style=\"font-weight:bold;color:#ffffff;margin-bottom:15px;\">Praxis f\u00fcr Krankengymnastik &amp; Massage<\/div><\/div>[\/vc_column_inner][\/vc_row_inner][\/vc_column][vc_column width=&#8220;1\/4&#8243;][\/vc_column][vc_column][vc_row_inner equal_height=&#8220;yes&#8220; gap=&#8220;20&#8243; css=&#8220;.vc_custom_1584960081189{margin-top: 50px !important;}&#8220;][vc_column_inner width=&#8220;1\/4&#8243;][\/vc_column_inner][vc_column_inner width=&#8220;1\/4&#8243; css=&#8220;.vc_custom_1584719780734{background-color: #ffffff !important;}&#8220;][vc_single_image image=&#8220;1226&#8243; alignment=&#8220;center&#8220; style=&#8220;vc_box_rounded&#8220; image_hovers=&#8220;false&#8220; css=&#8220;.vc_custom_1584806002086{margin-top: 60px !important;}&#8220;]<div id=\"ultimate-heading-816869f9b9ce52c73\" class=\"uvc-heading ult-adjust-bottom-margin ultimate-heading-816869f9b9ce52c73 uvc-5532  uvc-heading-default-font-sizes\" data-hspacer=\"no_spacer\"  data-halign=\"center\" style=\"text-align:center\"><div class=\"uvc-heading-spacer no_spacer\" style=\"top\"><\/div><div class=\"uvc-main-heading ult-responsive\"  data-ultimate-target='.uvc-heading.ultimate-heading-816869f9b9ce52c73 h3'  data-responsive-json-new='{\"font-size\":\"\",\"line-height\":\"\"}' ><h3 style=\"--font-weight:theme;margin-top:50px;\">Krankengymnastik<\/h3><\/div><\/div>[\/vc_column_inner][vc_column_inner width=&#8220;1\/4&#8243; css=&#8220;.vc_custom_1584719741744{background-color: #ffffff !important;}&#8220;][vc_single_image image=&#8220;1228&#8243; alignment=&#8220;center&#8220; style=&#8220;vc_box_rounded&#8220; image_hovers=&#8220;false&#8220; css=&#8220;.vc_custom_1584805689897{margin-top: 25px !important;}&#8220;]<div id=\"ultimate-heading-567169f9b9ce52ca6\" class=\"uvc-heading ult-adjust-bottom-margin ultimate-heading-567169f9b9ce52ca6 uvc-5899  uvc-heading-default-font-sizes\" data-hspacer=\"no_spacer\"  data-halign=\"center\" style=\"text-align:center\"><div class=\"uvc-heading-spacer no_spacer\" style=\"top\"><\/div><div class=\"uvc-main-heading ult-responsive\"  data-ultimate-target='.uvc-heading.ultimate-heading-567169f9b9ce52ca6 h3'  data-responsive-json-new='{\"font-size\":\"\",\"line-height\":\"\"}' ><h3 style=\"--font-weight:theme;margin-top:30px;margin-bottom:15px;\">Massage<\/h3><\/div><\/div>[\/vc_column_inner][vc_column_inner width=&#8220;1\/4&#8243;][\/vc_column_inner][\/vc_row_inner][vc_row_inner][vc_column_inner width=&#8220;1\/4&#8243;][\/vc_column_inner][vc_column_inner width=&#8220;1\/2&#8243; css=&#8220;.vc_custom_1584959892640{margin-top: 50px !important;}&#8220;]<div class=\" ubtn-ctn-center \"><button type=\"button\" id=\"ubtn-9285\"  class=\"ubtn ult-adjust-bottom-margin ult-responsive ubtn-custom ubtn-no-hover-bg  none  ubtn-center   tooltip-69f9b9ce52ce7\"  data-hover=\"\" data-border-color=\"#29abe2\" data-bg=\"#29abe2\" data-hover-bg=\"\" data-border-hover=\"#d9e021\" data-shadow-hover=\"\" data-shadow-click=\"none\" data-shadow=\"\" data-shd-shadow=\"\"  data-ultimate-target='#ubtn-9285'  data-responsive-json-new='{\"font-size\":\"desktop:18px;\",\"line-height\":\"\"}'  style=\"font-weight:normal;width:300px;min-height:50px;padding:10px px;border-radius:30px;border-width:1px;border-color:#29abe2;border-style:solid;background: #29abe2;color: #ffffff;\"><span class=\"ubtn-hover\" style=\"background-color:\"><\/span><span class=\"ubtn-data ubtn-text \" >Jetzt kontaktieren<\/span><\/button><\/div>[\/vc_column_inner][vc_column_inner width=&#8220;1\/4&#8243;][\/vc_column_inner][\/vc_row_inner][\/vc_column][\/vc_row][vc_row el_id=&#8220;\u00fcberuns&#8220;][vc_column][vc_row_inner][vc_column_inner width=&#8220;1\/6&#8243;][\/vc_column_inner][vc_column_inner width=&#8220;2\/3&#8243;]<div id=\"ultimate-heading-376769f9b9ce52d6e\" class=\"uvc-heading ult-adjust-bottom-margin ultimate-heading-376769f9b9ce52d6e uvc-6748  uvc-heading-default-font-sizes\" data-hspacer=\"no_spacer\"  data-halign=\"center\" style=\"text-align:center\"><div class=\"uvc-heading-spacer no_spacer\" style=\"top\"><\/div><div class=\"uvc-main-heading ult-responsive\"  data-ultimate-target='.uvc-heading.ultimate-heading-376769f9b9ce52d6e h2'  data-responsive-json-new='{\"font-size\":\"\",\"line-height\":\"\"}' ><h2 style=\"--font-weight:theme;color:rgba(0,0,0,0.75);margin-top:40px;margin-bottom:30px;\">\u00dcber uns<\/h2><\/div><div class=\"uvc-sub-heading ult-responsive\"  data-ultimate-target='.uvc-heading.ultimate-heading-376769f9b9ce52d6e .uvc-sub-heading '  data-responsive-json-new='{\"font-size\":\"desktop:20px;\",\"line-height\":\"\"}'  style=\"font-weight:bold;color:#29abe2;margin-bottom:30px;\">Physiotherapie Streber &#8211; unsere Praxis im Herzen von K\u00f6ln-Nippes<\/div><\/div>[vc_column_text css=&#8220;.vc_custom_1644734076774{padding-bottom: 40px !important;}&#8220;]Wir, eine Familien Praxis in der 2. Generation, freuen uns Sie hier begr\u00fc\u00dfen zu d\u00fcrfen. Wir versuchen, Ihnen eine bestm\u00f6gliche Betreuung in der Praxis oder bei einem Hausbesuch zu gew\u00e4hrleisten. Unsere Praxis bietet auf ca. 170 qm alles, was Sie f\u00fcr Ihre Gesundheit brauchen.[\/vc_column_text][\/vc_column_inner][vc_column_inner width=&#8220;1\/6&#8243;][\/vc_column_inner][\/vc_row_inner][\/vc_column][\/vc_row][vc_row bg_type=&#8220;bg_color&#8220; bg_override=&#8220;ex-full&#8220; bg_color_value=&#8220;rgba(247,247,247,0.75)&#8220; el_id=&#8220;leistungen&#8220; css=&#8220;.vc_custom_1585213799841{margin-top: 15px !important;}&#8220;][vc_column][vc_row_inner content_placement=&#8220;middle&#8220;][vc_column_inner width=&#8220;1\/6&#8243;][\/vc_column_inner][vc_column_inner width=&#8220;2\/3&#8243; css=&#8220;.vc_custom_1585214316219{margin-top: 25px !important;margin-bottom: 10px !important;}&#8220;][vc_single_image image=&#8220;1238&#8243; img_size=&#8220;large&#8220; alignment=&#8220;center&#8220; css=&#8220;.vc_custom_1585060075353{margin-top: px !important;}&#8220;][\/vc_column_inner][vc_column_inner width=&#8220;1\/6&#8243;][\/vc_column_inner][\/vc_row_inner][\/vc_column][\/vc_row][vc_row bg_type=&#8220;bg_color&#8220; bg_override=&#8220;ex-full&#8220; bg_color_value=&#8220;#29abe2&#8243;][vc_column][vc_row_inner][vc_column_inner width=&#8220;1\/6&#8243;][\/vc_column_inner][vc_column_inner width=&#8220;2\/3&#8243;]<div id=\"ultimate-heading-142969f9b9ce52da9\" class=\"uvc-heading ult-adjust-bottom-margin ultimate-heading-142969f9b9ce52da9 uvc-5717  uvc-heading-default-font-sizes\" data-hspacer=\"no_spacer\"  data-halign=\"center\" style=\"text-align:center\"><div class=\"uvc-heading-spacer no_spacer\" style=\"top\"><\/div><div class=\"uvc-main-heading ult-responsive\"  data-ultimate-target='.uvc-heading.ultimate-heading-142969f9b9ce52da9 h2'  data-responsive-json-new='{\"font-size\":\"\",\"line-height\":\"\"}' ><h2 style=\"--font-weight:theme;color:#ffffff;margin-top:35px;margin-bottom:40px;\">Leistungen<\/h2><\/div><\/div>[\/vc_column_inner][vc_column_inner width=&#8220;1\/6&#8243;][\/vc_column_inner][\/vc_row_inner][vc_row_inner equal_height=&#8220;yes&#8220; content_placement=&#8220;middle&#8220; gap=&#8220;35&#8243;][vc_column_inner width=&#8220;1\/5&#8243;][\/vc_column_inner][vc_column_inner width=&#8220;1\/5&#8243; css=&#8220;.vc_custom_1585213765940{background-color: #ffffff !important;}&#8220;]<div id=\"ultimate-heading-477169f9b9ce52ddd\" class=\"uvc-heading ult-adjust-bottom-margin ultimate-heading-477169f9b9ce52ddd uvc-2887  uvc-heading-default-font-sizes\" data-hspacer=\"no_spacer\"  data-halign=\"center\" style=\"text-align:center\"><div class=\"uvc-heading-spacer no_spacer\" style=\"top\"><\/div><div class=\"uvc-main-heading ult-responsive\"  data-ultimate-target='.uvc-heading.ultimate-heading-477169f9b9ce52ddd h4'  data-responsive-json-new='{\"font-size\":\"\",\"line-height\":\"\"}' ><h4 style=\"--font-weight:theme;color:#29abe2;margin-top:15px;margin-bottom:10px;\">Krankengymnastik<\/h4><\/div><\/div>[vc_column_text css=&#8220;.vc_custom_1586254198869{margin-bottom: 10px !important;}&#8220;]Mit aktiven und passiven Methoden versuchen wir Ihre gesundheitlichen Ziele zu erreichen. Nach Operationen, bei chronischen Schmerzen oder bei akuten Problemen werden wir Ihnen helfen.[\/vc_column_text][\/vc_column_inner][vc_column_inner width=&#8220;1\/5&#8243; css=&#8220;.vc_custom_1585213758591{background-color: #ffffff !important;}&#8220;]<div id=\"ultimate-heading-804569f9b9ce52e0e\" class=\"uvc-heading ult-adjust-bottom-margin ultimate-heading-804569f9b9ce52e0e uvc-247  uvc-heading-default-font-sizes\" data-hspacer=\"no_spacer\"  data-halign=\"center\" style=\"text-align:center\"><div class=\"uvc-heading-spacer no_spacer\" style=\"top\"><\/div><div class=\"uvc-main-heading ult-responsive\"  data-ultimate-target='.uvc-heading.ultimate-heading-804569f9b9ce52e0e h4'  data-responsive-json-new='{\"font-size\":\"\",\"line-height\":\"\"}' ><h4 style=\"--font-weight:theme;color:#29abe2;margin-top:15px;margin-bottom:10px;\">Massage<\/h4><\/div><\/div>[vc_column_text css=&#8220;.vc_custom_1586204085601{margin-bottom: 10px !important;}&#8220;]Mit der klassischen Massage Therapie l\u00f6sen wir Ihre Verspannungen und sie erhalten eine bestm\u00f6gliche Schmerzbehandlung. Triggerpunkte, Fazien oder einfach einen Muskelhartspann l\u00f6sen wir problemlos[\/vc_column_text][\/vc_column_inner][vc_column_inner width=&#8220;1\/5&#8243; css=&#8220;.vc_custom_1585214001258{background-color: #ffffff !important;}&#8220;]<div id=\"ultimate-heading-436969f9b9ce52e3f\" class=\"uvc-heading ult-adjust-bottom-margin ultimate-heading-436969f9b9ce52e3f uvc-3701  uvc-heading-default-font-sizes\" data-hspacer=\"no_spacer\"  data-halign=\"center\" style=\"text-align:center\"><div class=\"uvc-heading-spacer no_spacer\" style=\"top\"><\/div><div class=\"uvc-main-heading ult-responsive\"  data-ultimate-target='.uvc-heading.ultimate-heading-436969f9b9ce52e3f h4'  data-responsive-json-new='{\"font-size\":\"\",\"line-height\":\"\"}' ><h4 style=\"--font-weight:theme;color:#29abe2;margin-top:15px;margin-bottom:10px;\">Manuelle Therapie<\/h4><\/div><\/div>[vc_column_text css=&#8220;.vc_custom_1586204257928{margin-bottom: 10px !important;}&#8220;]Die Manuelle Therapie ist der wichtige Baustein zur Mobilisierung der Gelenke. Ob HWS, Becken oder der Fu\u00df, wir k\u00f6nnen jedes Gelenk mobilisieren. Dies ist besonders bei der Schmerztherapie oder nach Operationen wichtig.[\/vc_column_text][\/vc_column_inner][vc_column_inner width=&#8220;1\/5&#8243;][\/vc_column_inner][\/vc_row_inner][vc_row_inner equal_height=&#8220;yes&#8220; content_placement=&#8220;middle&#8220; gap=&#8220;35&#8243; css=&#8220;.vc_custom_1586252599405{margin-top: 5px !important;margin-bottom: 25px !important;}&#8220;][vc_column_inner width=&#8220;1\/5&#8243;][\/vc_column_inner][vc_column_inner width=&#8220;1\/5&#8243; css=&#8220;.vc_custom_1585214212111{background-color: #ffffff !important;}&#8220;]<div id=\"ultimate-heading-32369f9b9ce52e6f\" class=\"uvc-heading ult-adjust-bottom-margin ultimate-heading-32369f9b9ce52e6f uvc-735  uvc-heading-default-font-sizes\" data-hspacer=\"no_spacer\"  data-halign=\"center\" style=\"text-align:center\"><div class=\"uvc-heading-spacer no_spacer\" style=\"top\"><\/div><div class=\"uvc-main-heading ult-responsive\"  data-ultimate-target='.uvc-heading.ultimate-heading-32369f9b9ce52e6f h4'  data-responsive-json-new='{\"font-size\":\"\",\"line-height\":\"\"}' ><h4 style=\"--font-weight:theme;color:#29abe2;margin-top:15px;margin-bottom:10px;\">Manuelle Lymphdrainage<\/h4><\/div><\/div>[vc_column_text css=&#8220;.vc_custom_1586254386874{margin-bottom: 10px !important;}&#8220;]Die Manuelle Lymphdrainage ist eine Therapie f\u00fcr die Verbesserung des R\u00fcckflusses. Besonders wichtig ist sie bei Entz\u00fcndungen, Schwellungen, nach Operationen und z. B. bei einem Lip\u00f6dem.[\/vc_column_text][\/vc_column_inner][vc_column_inner width=&#8220;1\/5&#8243; css=&#8220;.vc_custom_1585214222059{background-color: #ffffff !important;}&#8220;]<div id=\"ultimate-heading-307369f9b9ce52e9e\" class=\"uvc-heading ult-adjust-bottom-margin ultimate-heading-307369f9b9ce52e9e uvc-7099  uvc-heading-default-font-sizes\" data-hspacer=\"no_spacer\"  data-halign=\"center\" style=\"text-align:center\"><div class=\"uvc-heading-spacer no_spacer\" style=\"top\"><\/div><div class=\"uvc-main-heading ult-responsive\"  data-ultimate-target='.uvc-heading.ultimate-heading-307369f9b9ce52e9e h4'  data-responsive-json-new='{\"font-size\":\"\",\"line-height\":\"\"}' ><h4 style=\"--font-weight:theme;color:#29abe2;margin-top:15px;margin-bottom:10px;\">Fango\/Hei\u00dfluft<\/h4><\/div><\/div>[vc_column_text css=&#8220;.vc_custom_1586204648463{margin-bottom: 10px !important;}&#8220;]Dies beinhaltet unsere W\u00e4rmeanwendungen. Wir arbeiten noch mit einem richtigen Fango Ofen, wo das Fango Paraffin jeden Tag neu ausgegossen wird. Sie legen sich direkt auf die Fango Masse drauf.[\/vc_column_text][\/vc_column_inner][vc_column_inner width=&#8220;1\/5&#8243; css=&#8220;.vc_custom_1585214233676{background-color: #ffffff !important;}&#8220;]<div id=\"ultimate-heading-634969f9b9ce52ecd\" class=\"uvc-heading ult-adjust-bottom-margin ultimate-heading-634969f9b9ce52ecd uvc-8944  uvc-heading-default-font-sizes\" data-hspacer=\"no_spacer\"  data-halign=\"center\" style=\"text-align:center\"><div class=\"uvc-heading-spacer no_spacer\" style=\"top\"><\/div><div class=\"uvc-main-heading ult-responsive\"  data-ultimate-target='.uvc-heading.ultimate-heading-634969f9b9ce52ecd h4'  data-responsive-json-new='{\"font-size\":\"\",\"line-height\":\"\"}' ><h4 style=\"--font-weight:theme;color:#29abe2;margin-top:15px;margin-bottom:10px;\">Kinesio Taping<\/h4><\/div><\/div>[vc_column_text css=&#8220;.vc_custom_1586204952039{margin-bottom: 10px !important;}&#8220;]Hier werden nach der chinesischen Medizin und nach der Farbenlehre die bunten B\u00e4nder auf Ihre Haut geklebt. Diese k\u00f6nnen, je nach Anlage, den Muskel entspannen oder eher\u00a0 anspannen, Lymphe (Wasser) wegf\u00fchren oder den Bandappartat eines Gelenks unterst\u00fctzen.[\/vc_column_text][\/vc_column_inner][vc_column_inner width=&#8220;1\/5&#8243;][\/vc_column_inner][\/vc_row_inner][\/vc_column][\/vc_row][vc_row bg_type=&#8220;bg_color&#8220; bg_override=&#8220;browser_size&#8220; el_id=&#8220;anfahrt&#8220;][vc_column][vc_row_inner][vc_column_inner width=&#8220;1\/6&#8243;][\/vc_column_inner][vc_column_inner width=&#8220;2\/3&#8243; css=&#8220;.vc_custom_1584961726271{margin-top: -60px !important;}&#8220;]<div id=\"ultimate-heading-286969f9b9ce52efa\" class=\"uvc-heading ult-adjust-bottom-margin ultimate-heading-286969f9b9ce52efa uvc-6962  uvc-heading-default-font-sizes\" data-hspacer=\"no_spacer\"  data-halign=\"center\" style=\"text-align:center\"><div class=\"uvc-heading-spacer no_spacer\" style=\"top\"><\/div><div class=\"uvc-main-heading ult-responsive\"  data-ultimate-target='.uvc-heading.ultimate-heading-286969f9b9ce52efa h2'  data-responsive-json-new='{\"font-size\":\"\",\"line-height\":\"\"}' ><h2 style=\"--font-weight:theme;margin-bottom:75px;\">Anfahrt<\/h2><\/div><\/div>[vc_gmaps link=&#8220;#E-8_JTNDaWZyYW1lJTIwc3JjJTNEJTIyaHR0cHMlM0ElMkYlMkZ3d3cuZ29vZ2xlLmNvbSUyRm1hcHMlMkZlbWJlZCUzRnBiJTNEJTIxMW0xOCUyMTFtMTIlMjExbTMlMjExZDU2Ni4yMjEzMjAzNjI5MzUzJTIxMmQ2Ljk1NDEzMDkxODE1MTY2MiUyMTNkNTAuOTU5ODI1NTcyNDA2MTIlMjEybTMlMjExZjAlMjEyZjAlMjEzZjAlMjEzbTIlMjExaTEwMjQlMjEyaTc2OCUyMTRmMTMuMSUyMTNtMyUyMTFtMiUyMTFzMHg0N2JmMjU5Y2YzN2Q1NWFkJTI1M0EweDgwMDYzOWYzMDhmNmY0OTclMjEyc0tlbXBlbmVyJTI1MjBTdHIuJTI1MjAxJTI1MkMlMjUyMDUwNzMzJTI1MjBLJTI1QzMlMjVCNmxuJTIxNWUwJTIxM20yJTIxMXNkZSUyMTJzZGUlMjE0djE1ODYyNTI4MjYxMzQlMjE1bTIlMjExc2RlJTIxMnNkZSUyMiUyMHdpZHRoJTNEJTIyNjAwJTIyJTIwaGVpZ2h0JTNEJTIyNDUwJTIyJTIwZnJhbWVib3JkZXIlM0QlMjIwJTIyJTIwc3R5bGUlM0QlMjJib3JkZXIlM0EwJTNCJTIyJTIwYWxsb3dmdWxsc2NyZWVuJTNEJTIyJTIyJTIwYXJpYS1oaWRkZW4lM0QlMjJmYWxzZSUyMiUyMHRhYmluZGV4JTNEJTIyMCUyMiUzRSUzQyUyRmlmcmFtZSUzRSUwQQ==&#8220;][\/vc_column_inner][vc_column_inner width=&#8220;1\/6&#8243;][\/vc_column_inner][\/vc_row_inner][\/vc_column][\/vc_row][vc_row equal_height=&#8220;yes&#8220; bg_type=&#8220;image&#8220; parallax_style=&#8220;vcpb-default&#8220; bg_image_new=&#8220;id^1198|url^http:\/\/physiostreber.de\/wp-content\/uploads\/2020\/03\/AdobeStock_317744204.jpg|caption^Trainer hilft bei einer \u00dcbung mit dem Elastikband in der Physiotherapie|alt^null|title^Trainer hilft bei \u00dcbung mit dem Elastikband|description^null&#8220; bg_image_repeat=&#8220;no-repeat&#8220; bg_img_attach=&#8220;fixed&#8220; bg_override=&#8220;full&#8220; enable_overlay=&#8220;enable_overlay_value&#8220; overlay_color=&#8220;rgba(86,86,86,0.6)&#8220; type=&#8220;vc_default&#8220; el_id=&#8220;contact&#8220; css=&#8220;.vc_custom_1585218232340{padding-top: 50px !important;}&#8220;][vc_column][vc_row_inner][vc_column_inner width=&#8220;1\/6&#8243;][\/vc_column_inner][vc_column_inner width=&#8220;2\/3&#8243;]<div id=\"ultimate-heading-211469f9b9ce52f33\" class=\"uvc-heading ult-adjust-bottom-margin ultimate-heading-211469f9b9ce52f33 uvc-4271 accent-border-color accent-subtitle-color uvc-heading-default-font-sizes\" data-hspacer=\"no_spacer\"  data-halign=\"left\" style=\"text-align:left\"><div class=\"uvc-heading-spacer no_spacer\" style=\"top\"><\/div><div class=\"uvc-main-heading ult-responsive\"  data-ultimate-target='.uvc-heading.ultimate-heading-211469f9b9ce52f33 h2'  data-responsive-json-new='{\"font-size\":\"\",\"line-height\":\"\"}' ><h2 style=\"font-weight:bold;color:#ffffff;margin-top:10px;margin-bottom:30px;\">Kontakt<\/h2><\/div><\/div><div id=\"ultimate-heading-17769f9b9ce52f69\" class=\"uvc-heading ult-adjust-bottom-margin ultimate-heading-17769f9b9ce52f69 uvc-128  uvc-heading-default-font-sizes\" data-hspacer=\"no_spacer\"  data-halign=\"left\" style=\"text-align:left\"><div class=\"uvc-heading-spacer no_spacer\" style=\"top\"><\/div><div class=\"uvc-main-heading ult-responsive\"  data-ultimate-target='.uvc-heading.ultimate-heading-17769f9b9ce52f69 h3'  data-responsive-json-new='{\"font-size\":\"\",\"line-height\":\"\"}' ><h3 style=\"--font-weight:theme;color:#d9e021;margin-bottom:30px;\">Termine nur nach Vereinbarung<\/h3><\/div><\/div><div class=\"aio-icon-component  vc_custom_1584725570322  dt-phone style_1\"><div id=\"Info-box-wrap-9787\" class=\"aio-icon-box default-icon\" style=\"\"  ><div class=\"aio-icon-default\"><div class=\"ult-just-icon-wrapper  \"><div class=\"align-icon\" style=\"text-align:center;\">\n<div class=\"aio-icon none \" data-animation=\"fadeInDown\" data-animation-delay=\"03\" style=\"color:#ffffff;font-size:25px;display:inline-block;\">\n\t<i class=\"icomoon-the7-font-the7-phone-051\"><\/i>\n<\/div><\/div><\/div><\/div><div class=\"aio-icon-header\" ><h3 class=\"aio-icon-title ult-responsive\"  data-ultimate-target='#Info-box-wrap-9787 .aio-icon-title'  data-responsive-json-new='{\"font-size\":\"desktop:24px;\",\"line-height\":\"desktop:24px;\"}'  style=\"font-family:&#039;Open Sans&#039;;font-weight:700;color:#ffffff;\">(02 21) 739 29 15<\/h3><\/div> <!-- header --><\/div> <!-- aio-icon-box --><\/div> <!-- aio-icon-component --><div class=\"aio-icon-component  vc_custom_1584725510887   style_1\"><div id=\"Info-box-wrap-7555\" class=\"aio-icon-box default-icon\" style=\"\"  ><div class=\"aio-icon-default\"><div class=\"ult-just-icon-wrapper  \"><div class=\"align-icon\" style=\"text-align:center;\">\n<div class=\"aio-icon none \" data-animation=\"fadeIn\" data-animation-delay=\"03\" style=\"color:#ffffff;font-size:25px;display:inline-block;\">\n\t<i class=\"icomoon-the7-font-the7-map-05\"><\/i>\n<\/div><\/div><\/div><\/div><div class=\"aio-icon-header\" ><h3 class=\"aio-icon-title ult-responsive\"  data-ultimate-target='#Info-box-wrap-7555 .aio-icon-title'  data-responsive-json-new='{\"font-size\":\"desktop:18px;\",\"line-height\":\"desktop:24px;\"}'  style=\"font-family:&#039;Open Sans&#039;;font-weight:700;color:#ffffff;\">Adresse<\/h3><\/div> <!-- header --><\/div> <!-- aio-icon-box --><\/div> <!-- aio-icon-component --><div class=\"aio-icon-component  vc_custom_1584725644372   style_1\"><div id=\"Info-box-wrap-6531\" class=\"aio-icon-box default-icon\" style=\"\"  ><div class=\"aio-icon-default\"><div class=\"ult-just-icon-wrapper  \"><div class=\"align-icon\" style=\"text-align:center;\">\n<div class=\"aio-icon none \" data-animation=\"fadeIn\" data-animation-delay=\"03\" style=\"color:#ffffff;font-size:25px;display:inline-block;\">\n\t<i class=\"icomoon-the7-font-the7-mail-011\"><\/i>\n<\/div><\/div><\/div><\/div><div class=\"aio-icon-header\" ><h3 class=\"aio-icon-title ult-responsive\"  data-ultimate-target='#Info-box-wrap-6531 .aio-icon-title'  data-responsive-json-new='{\"font-size\":\"desktop:18px;\",\"line-height\":\"desktop:24px;\"}'  style=\"font-family:&#039;Open Sans&#039;;font-weight:700;color:#ffffff;\">physiostreber@gmx.de<\/h3><\/div> <!-- header --><\/div> <!-- aio-icon-box --><\/div> <!-- aio-icon-component --><div class=\"aio-icon-component  vc_custom_1584725756207   style_1\"><div id=\"Info-box-wrap-3379\" class=\"aio-icon-box default-icon\" style=\"\"  ><div class=\"aio-icon-default\"><div class=\"ult-just-icon-wrapper  \"><div class=\"align-icon\" style=\"text-align:center;\">\n<div class=\"aio-icon none \" data-animation=\"fadeInUp\" data-animation-delay=\"03\" style=\"color:#ffffff;font-size:25px;display:inline-block;\">\n\t<i class=\"icomoon-the7-font-website\"><\/i>\n<\/div><\/div><\/div><\/div><div class=\"aio-icon-header\" ><h3 class=\"aio-icon-title ult-responsive\"  data-ultimate-target='#Info-box-wrap-3379 .aio-icon-title'  data-responsive-json-new='{\"font-size\":\"desktop:18px;\",\"line-height\":\"desktop:24px;\"}'  style=\"font-family:&#039;Open Sans&#039;;font-weight:700;color:#ffffff;\">www.physiostreber.de<\/h3><\/div> <!-- header --><\/div> <!-- aio-icon-box --><\/div> <!-- aio-icon-component -->[\/vc_column_inner][vc_column_inner width=&#8220;1\/6&#8243;][\/vc_column_inner][\/vc_row_inner][\/vc_column][\/vc_row]<\/p>\n<\/section>","protected":false},"excerpt":{"rendered":"<p>[vc_row bg_type=&#8220;image&#8220; parallax_style=&#8220;vcpb-default&#8220; bg_image_new=&#8220;id^1189|url^http:\/\/physiostreber.de\/wp-content\/uploads\/2020\/03\/AdobeStock_97112437.jpg|caption^patientin wird von einem therapeuten behandelt|alt^null|title^null|description^null&#8220; bg_image_repeat=&#8220;no-repeat&#8220; bg_override=&#8220;browser_size&#8220; enable_overlay=&#8220;enable_overlay_value&#8220; overlay_color=&#8220;rgba(86,86,86,0.6)&#8220; el_id=&#8220;home&#8220; css=&#8220;.vc_custom_1584714989424{margin-top: -75px !important;}&#8220;][vc_column width=&#8220;1\/4&#8243;][\/vc_column][vc_column width=&#8220;1\/2&#8243;][vc_row_inner css=&#8220;.vc_custom_1584959863822{margin-top: 75px !important;}&#8220;][vc_column_inner][\/vc_column_inner][\/vc_row_inner][\/vc_column][vc_column width=&#8220;1\/4&#8243;][\/vc_column][vc_column][vc_row_inner equal_height=&#8220;yes&#8220; gap=&#8220;20&#8243; css=&#8220;.vc_custom_1584960081189{margin-top: 50px !important;}&#8220;][vc_column_inner width=&#8220;1\/4&#8243;][\/vc_column_inner][vc_column_inner width=&#8220;1\/4&#8243; css=&#8220;.vc_custom_1584719780734{background-color: #ffffff !important;}&#8220;][vc_single_image image=&#8220;1226&#8243; alignment=&#8220;center&#8220; style=&#8220;vc_box_rounded&#8220; image_hovers=&#8220;false&#8220; css=&#8220;.vc_custom_1584806002086{margin-top: 60px !important;}&#8220;][\/vc_column_inner][vc_column_inner width=&#8220;1\/4&#8243; css=&#8220;.vc_custom_1584719741744{background-color: #ffffff !important;}&#8220;][vc_single_image image=&#8220;1228&#8243; alignment=&#8220;center&#8220; style=&#8220;vc_box_rounded&#8220; image_hovers=&#8220;false&#8220; css=&#8220;.vc_custom_1584805689897{margin-top: 25px !important;}&#8220;][\/vc_column_inner][vc_column_inner width=&#8220;1\/4&#8243;][\/vc_column_inner][\/vc_row_inner][vc_row_inner][vc_column_inner width=&#8220;1\/4&#8243;][\/vc_column_inner][vc_column_inner width=&#8220;1\/2&#8243; css=&#8220;.vc_custom_1584959892640{margin-top:&hellip;<\/p>\n","protected":false},"author":1,"featured_media":0,"parent":0,"menu_order":10,"comment_status":"closed","ping_status":"open","template":"template-microsite.php","meta":{"footnotes":""},"class_list":["post-105","page","type-page","status-publish","hentry","description-off"],"_links":{"self":[{"href":"https:\/\/physiostreber.de\/index.php?rest_route=\/wp\/v2\/pages\/105","targetHints":{"allow":["GET"]}}],"collection":[{"href":"https:\/\/physiostreber.de\/index.php?rest_route=\/wp\/v2\/pages"}],"about":[{"href":"https:\/\/physiostreber.de\/index.php?rest_route=\/wp\/v2\/types\/page"}],"author":[{"embeddable":true,"href":"https:\/\/physiostreber.de\/index.php?rest_route=\/wp\/v2\/users\/1"}],"replies":[{"embeddable":true,"href":"https:\/\/physiostreber.de\/index.php?rest_route=%2Fwp%2Fv2%2Fcomments&post=105"}],"version-history":[{"count":64,"href":"https:\/\/physiostreber.de\/index.php?rest_route=\/wp\/v2\/pages\/105\/revisions"}],"predecessor-version":[{"id":1362,"href":"https:\/\/physiostreber.de\/index.php?rest_route=\/wp\/v2\/pages\/105\/revisions\/1362"}],"wp:attachment":[{"href":"https:\/\/physiostreber.de\/index.php?rest_route=%2Fwp%2Fv2%2Fmedia&parent=105"}],"curies":[{"name":"wp","href":"https:\/\/api.w.org\/{rel}","templated":true}]}}