{"id":1252,"date":"2020-03-26T09:55:04","date_gmt":"2020-03-26T09:55:04","guid":{"rendered":"http:\/\/physiostreber.de\/?page_id=1252"},"modified":"2020-04-02T09:50:26","modified_gmt":"2020-04-02T09:50:26","slug":"impressum","status":"publish","type":"page","link":"https:\/\/physiostreber.de\/?page_id=1252","title":{"rendered":"Impressum"},"content":{"rendered":"<section class=\"wpb-content-wrapper\"><p>[vc_row][vc_column width=&#8220;1\/6&#8243;][\/vc_column][vc_column width=&#8220;5\/6&#8243;]<div id=\"ultimate-heading-556969fc4d95aaec7\" class=\"uvc-heading ult-adjust-bottom-margin ultimate-heading-556969fc4d95aaec7 uvc-965  uvc-heading-default-font-sizes\" data-hspacer=\"no_spacer\"  data-halign=\"left\" style=\"text-align:left\"><div class=\"uvc-heading-spacer no_spacer\" style=\"top\"><\/div><div class=\"uvc-main-heading ult-responsive\"  data-ultimate-target='.uvc-heading.ultimate-heading-556969fc4d95aaec7 h2'  data-responsive-json-new='{\"font-size\":\"\",\"line-height\":\"\"}' ><h2 style=\"--font-weight:theme;margin-bottom:25px;\">Impressum<\/h2><\/div><\/div>[vc_row_inner][vc_column_inner][vc_column_text]<\/p>\n<h3>Angaben gem\u00e4\u00df \u00a7 5 TMG<\/h3>\n<p>Hans Streber<br \/>\nPhysiotherapie Streber<br \/>\nKempener Str. 1<br \/>\nEcke Neusser Str.<br \/>\n50733 K\u00f6ln[\/vc_column_text][vc_column_text]<\/p>\n<h3>Kontakt<\/h3>\n<p>Telefon: +49 221 7392915<br \/>\nE-Mail: Physiostreber@gmx.de[\/vc_column_text][vc_column_text]<\/p>\n<h3><\/h3>\n<h3>Angaben zur Berufshaftpflichtversicherung<\/h3>\n<h4>Name und Sitz des Versicherers:<\/h4>\n<p>Die Continentale<br \/>\nRuhrallee 92<br \/>\n44139 Dortmund<\/p>\n<h4>Geltungsraum der Versicherung:<\/h4>\n<p>Deutschland[\/vc_column_text][vc_column_text css=&#8220;.vc_custom_1585820998717{margin-top: 10px !important;margin-bottom: 10px !important;}&#8220;]<\/p>\n<h3>Verbraucherstreitbeilegung\/Universalschlichtungsstelle<\/h3>\n<p>Wir sind nicht bereit oder verpflichtet, an Streitbeilegungsverfahren vor einer Verbraucherschlichtungsstelle teilzunehmen.[\/vc_column_text][vc_column_text]<\/p>\n<h3>Haftung f\u00fcr Inhalte<\/h3>\n<p>Als Diensteanbieter sind wir gem\u00e4\u00df \u00a7 7 Abs.1 TMG f\u00fcr eigene Inhalte auf diesen Seiten nach den allgemeinen Gesetzen verantwortlich. Nach \u00a7\u00a7 8 bis 10 TMG sind wir als Diensteanbieter jedoch nicht verpflichtet, \u00fcbermittelte oder gespeicherte fremde Informationen zu \u00fcberwachen oder nach Umst\u00e4nden zu forschen, die auf eine rechtswidrige T\u00e4tigkeit hinweisen.<br \/>\nVerpflichtungen zur Entfernung oder Sperrung der Nutzung von Informationen nach den allgemeinen Gesetzen bleiben hiervon unber\u00fchrt. Eine diesbez\u00fcgliche Haftung ist jedoch erst ab dem Zeitpunkt der Kenntnis einer konkreten Rechtsverletzung m\u00f6glich. Bei Bekanntwerden von entsprechenden Rechtsverletzungen werden wir diese Inhalte umgehend entfernen.<\/p>\n<h3>Haftung f\u00fcr Links<\/h3>\n<p>Unser Angebot enth\u00e4lt Links zu externen Websites Dritter, auf deren Inhalte wir keinen Einfluss haben. Deshalb k\u00f6nnen wir f\u00fcr diese fremden Inhalte auch keine Gew\u00e4hr \u00fcbernehmen. F\u00fcr die Inhalte der verlinkten Seiten ist stets der jeweilige Anbieter oder Betreiber der Seiten verantwortlich. Die verlinkten Seiten wurden zum Zeitpunkt der Verlinkung auf m\u00f6gliche Rechtsverst\u00f6\u00dfe \u00fcberpr\u00fcft. Rechtswidrige Inhalte waren zum Zeitpunkt der Verlinkung nicht erkennbar.<br \/>\nEine permanente inhaltliche Kontrolle der verlinkten Seiten ist jedoch ohne konkrete Anhaltspunkte einer Rechtsverletzung nicht zumutbar. Bei Bekanntwerden von Rechtsverletzungen werden wir derartige Links umgehend entfernen.<\/p>\n<h3>\nUrheberrecht<\/h3>\n<p>Die durch die Seitenbetreiber erstellten Inhalte und Werke auf diesen Seiten unterliegen dem deutschen Urheberrecht. Die Vervielf\u00e4ltigung, Bearbeitung, Verbreitung und jede Art der Verwertung au\u00dferhalb der Grenzen des Urheberrechtes bed\u00fcrfen der schriftlichen Zustimmung des jeweiligen Autors bzw. Erstellers. Downloads und Kopien dieser Seite sind nur f\u00fcr den privaten, nicht kommerziellen Gebrauch gestattet.<br \/>\nSoweit die Inhalte auf dieser Seite nicht vom Betreiber erstellt wurden, werden die Urheberrechte Dritter beachtet. Insbesondere werden Inhalte Dritter als solche gekennzeichnet. Sollten Sie trotzdem auf eine Urheberrechtsverletzung aufmerksam werden, bitten wir um einen entsprechenden Hinweis. Bei Bekanntwerden von Rechtsverletzungen werden wir derartige Inhalte umgehend entfernen.<\/p>\n<p>&nbsp;<\/p>\n<p>Quelle:<br \/>\nhttps:\/\/www.e-recht24.de[\/vc_column_text][\/vc_column_inner][\/vc_row_inner][\/vc_column][\/vc_row]<\/p>\n<\/section>","protected":false},"excerpt":{"rendered":"<p>[vc_row][vc_column width=&#8220;1\/6&#8243;][\/vc_column][vc_column width=&#8220;5\/6&#8243;][vc_row_inner][vc_column_inner][vc_column_text] Angaben gem\u00e4\u00df \u00a7 5 TMG Hans Streber Physiotherapie Streber Kempener Str. 1 Ecke Neusser Str. 50733 K\u00f6ln[\/vc_column_text][vc_column_text] Kontakt Telefon: +49 221 7392915 E-Mail: Physiostreber@gmx.de[\/vc_column_text][vc_column_text] Angaben zur Berufshaftpflichtversicherung Name und Sitz des Versicherers: Die Continentale Ruhrallee 92 44139 Dortmund Geltungsraum der Versicherung: Deutschland[\/vc_column_text][vc_column_text css=&#8220;.vc_custom_1585820998717{margin-top: 10px !important;margin-bottom: 10px !important;}&#8220;] Verbraucherstreitbeilegung\/Universalschlichtungsstelle Wir sind nicht bereit&hellip;<\/p>\n","protected":false},"author":1,"featured_media":0,"parent":0,"menu_order":0,"comment_status":"closed","ping_status":"closed","template":"","meta":{"footnotes":""},"class_list":["post-1252","page","type-page","status-publish","hentry","description-off"],"_links":{"self":[{"href":"https:\/\/physiostreber.de\/index.php?rest_route=\/wp\/v2\/pages\/1252","targetHints":{"allow":["GET"]}}],"collection":[{"href":"https:\/\/physiostreber.de\/index.php?rest_route=\/wp\/v2\/pages"}],"about":[{"href":"https:\/\/physiostreber.de\/index.php?rest_route=\/wp\/v2\/types\/page"}],"author":[{"embeddable":true,"href":"https:\/\/physiostreber.de\/index.php?rest_route=\/wp\/v2\/users\/1"}],"replies":[{"embeddable":true,"href":"https:\/\/physiostreber.de\/index.php?rest_route=%2Fwp%2Fv2%2Fcomments&post=1252"}],"version-history":[{"count":3,"href":"https:\/\/physiostreber.de\/index.php?rest_route=\/wp\/v2\/pages\/1252\/revisions"}],"predecessor-version":[{"id":1289,"href":"https:\/\/physiostreber.de\/index.php?rest_route=\/wp\/v2\/pages\/1252\/revisions\/1289"}],"wp:attachment":[{"href":"https:\/\/physiostreber.de\/index.php?rest_route=%2Fwp%2Fv2%2Fmedia&parent=1252"}],"curies":[{"name":"wp","href":"https:\/\/api.w.org\/{rel}","templated":true}]}}